{"id":474,"date":"2025-01-24T19:56:23","date_gmt":"2025-01-24T18:56:23","guid":{"rendered":"https:\/\/arteneural.net\/?page_id=474"},"modified":"2025-01-24T19:58:16","modified_gmt":"2025-01-24T18:58:16","slug":"contacto","status":"publish","type":"page","link":"https:\/\/arteneura.dreamify.love\/blog\/contacto\/","title":{"rendered":"Ponte en contacto conmigo"},"content":{"rendered":"<style id=\"wpforms-css-vars-469\">\n\t\t\t\t#wpforms-469 {\n\t\t\t\t\n\t\t\t}\n\t\t\t<\/style><div class=\"wpforms-container wpforms-container-full wpforms-render-modern\" id=\"wpforms-469\"><form id=\"wpforms-form-469\" class=\"wpforms-validate wpforms-form wpforms-ajax-form\" data-formid=\"469\" method=\"post\" enctype=\"multipart\/form-data\" action=\"\/blog\/wp-json\/wp\/v2\/pages\/474\" data-token=\"b8083c265436297c820f251a29e7cd73\" data-token-time=\"1777451989\"><noscript class=\"wpforms-error-noscript\">Por favor, activa JavaScript en tu navegador para completar este formulario.<\/noscript><div id=\"wpforms-error-noscript\" style=\"display: none;\">Por favor, activa JavaScript en tu navegador para completar este formulario.<\/div><div class=\"wpforms-field-container\"><div id=\"wpforms-469-field_1-container\" class=\"wpforms-field wpforms-field-name\" data-field-id=\"1\"><fieldset><legend class=\"wpforms-field-label\">Nombre<\/legend><div class=\"wpforms-field-row wpforms-field-medium\"><div class=\"wpforms-field-row-block wpforms-first wpforms-one-half\"><input type=\"text\" id=\"wpforms-469-field_1\" class=\"wpforms-field-name-first\" name=\"wpforms[fields][1][first]\" aria-errormessage=\"wpforms-469-field_1-error\" ><label for=\"wpforms-469-field_1\" class=\"wpforms-field-sublabel after\">Nombre<\/label><\/div><div class=\"wpforms-field-row-block wpforms-one-half\"><input type=\"text\" id=\"wpforms-469-field_1-last\" class=\"wpforms-field-name-last\" name=\"wpforms[fields][1][last]\" aria-errormessage=\"wpforms-469-field_1-last-error\" ><label for=\"wpforms-469-field_1-last\" class=\"wpforms-field-sublabel after\">Apellidos<\/label><\/div><\/div><\/fieldset><\/div><div id=\"wpforms-469-field_14-container\" class=\"wpforms-field wpforms-field-select wpforms-field-select-style-classic\" data-field-id=\"14\"><label class=\"wpforms-field-label\" for=\"wpforms-469-field_14\">Indica el motivo de tu consulta <span class=\"wpforms-required-label\" aria-hidden=\"true\">*<\/span><\/label><select id=\"wpforms-469-field_14\" class=\"wpforms-field-medium wpforms-field-required\" name=\"wpforms[fields][14]\" required=\"required\"><option value=\"encuentros EFECTIVO\"  class=\"choice-4 depth-1\"  >encuentros EFECTIVO<\/option><option value=\"Taller &#039;C\u00f3mo estar ok con los dulces (y con los salados tambi\u00e9n)&#039;\"  class=\"choice-5 depth-1\"  >Taller 'C\u00f3mo estar ok con los dulces (y con los salados tambi\u00e9n)'<\/option><option value=\"Taller de recursos para madres y padres\"  class=\"choice-1 depth-1\"  >Taller de recursos para madres y padres<\/option><option value=\"iniciar proceso\/terapia\"  class=\"choice-2 depth-1\"  >iniciar proceso\/terapia<\/option><option value=\"otro tipo de consulta\"  class=\"choice-3 depth-1\"  >otro tipo de consulta<\/option><\/select><\/div><div id=\"wpforms-469-field_15-container\" class=\"wpforms-field wpforms-field-select wpforms-field-select-style-classic\" data-field-id=\"15\"><label class=\"wpforms-field-label\" for=\"wpforms-469-field_15\">\u00bfC\u00f3mo quieres que me ponga en contacto contigo? <span class=\"wpforms-required-label\" aria-hidden=\"true\">*<\/span><\/label><select id=\"wpforms-469-field_15\" class=\"wpforms-field-medium wpforms-field-required\" name=\"wpforms[fields][15]\" required=\"required\"><option value=\"llamada de tel\u00e9fono\"  class=\"choice-1 depth-1\"  >llamada de tel\u00e9fono<\/option><option value=\"email\"  class=\"choice-2 depth-1\"  >email<\/option><option value=\"mensaje de whatsapp\"  class=\"choice-3 depth-1\"  >mensaje de whatsapp<\/option><\/select><\/div><div id=\"wpforms-469-field_8-container\" class=\"wpforms-field wpforms-field-email\" data-field-id=\"8\"><fieldset><legend class=\"wpforms-field-label\">Email (si prefieres que me ponga en contacto contigo a trav\u00e9s del correo electr\u00f3nico)<\/legend><div class=\"wpforms-field-row wpforms-field-medium\"><div class=\"wpforms-field-row-block wpforms-one-half wpforms-first\"><input type=\"email\" id=\"wpforms-469-field_8\" class=\"wpforms-field-email-primary\" name=\"wpforms[fields][8][primary]\" spellcheck=\"false\" aria-errormessage=\"wpforms-469-field_8-error\" ><label for=\"wpforms-469-field_8\" class=\"wpforms-field-sublabel after\">Correo electr\u00f3nico<\/label><\/div><div class=\"wpforms-field-row-block wpforms-one-half\"><input type=\"email\" id=\"wpforms-469-field_8-secondary\" class=\"wpforms-field-email-secondary\" data-rule-confirm=\"#wpforms-469-field_8\" name=\"wpforms[fields][8][secondary]\" spellcheck=\"false\" aria-errormessage=\"wpforms-469-field_8-secondary-error\" ><label for=\"wpforms-469-field_8-secondary\" class=\"wpforms-field-sublabel after\">Confirmar el correo electr\u00f3nico<\/label><\/div><\/div><\/fieldset><\/div><div id=\"wpforms-469-field_13-container\" class=\"wpforms-field wpforms-field-text\" data-field-id=\"13\"><label class=\"wpforms-field-label\" for=\"wpforms-469-field_13\">Tel\u00e9fono (si deseas que me ponga en contacto contigo a trav\u00e9s de llamada o whatsapp)<\/label><input type=\"text\" id=\"wpforms-469-field_13\" class=\"wpforms-field-medium\" name=\"wpforms[fields][13]\" aria-errormessage=\"wpforms-469-field_13-error\" ><\/div>\t\t<div id=\"wpforms-469-field_2-container\"\n\t\t\tclass=\"wpforms-field wpforms-field-text\"\n\t\t\tdata-field-type=\"text\"\n\t\t\tdata-field-id=\"2\"\n\t\t\t>\n\t\t\t<label class=\"wpforms-field-label\" for=\"wpforms-469-field_2\" >a me contigo<\/label>\n\t\t\t<input type=\"text\" id=\"wpforms-469-field_2\" class=\"wpforms-field-medium\" name=\"wpforms[fields][2]\" >\n\t\t<\/div>\n\t\t<div id=\"wpforms-469-field_17-container\" class=\"wpforms-field wpforms-field-checkbox\" data-field-id=\"17\"><fieldset><legend class=\"wpforms-field-label\">\u00bfQuieres recibir por whatsapp la informaci\u00f3n de experiencias y talleres que se lancen en el futuro?<\/legend><ul id=\"wpforms-469-field_17\"><li class=\"choice-1 depth-1\"><input type=\"checkbox\" id=\"wpforms-469-field_17_1\" name=\"wpforms[fields][17][]\" value=\"Solo de los que se realicen en Toledo (Espa\u00f1a).\" aria-errormessage=\"wpforms-469-field_17_1-error\" aria-describedby=\"wpforms-469-field_17-description\"  ><label class=\"wpforms-field-label-inline\" for=\"wpforms-469-field_17_1\">Solo de los que se realicen en Toledo (Espa\u00f1a).<\/label><\/li><li class=\"choice-5 depth-1\"><input type=\"checkbox\" id=\"wpforms-469-field_17_5\" name=\"wpforms[fields][17][]\" value=\"Solo los que se realicen en formato online.\" aria-errormessage=\"wpforms-469-field_17_5-error\" aria-describedby=\"wpforms-469-field_17-description\"  ><label class=\"wpforms-field-label-inline\" for=\"wpforms-469-field_17_5\">Solo los que se realicen en formato online.<\/label><\/li><li class=\"choice-4 depth-1\"><input type=\"checkbox\" id=\"wpforms-469-field_17_4\" name=\"wpforms[fields][17][]\" value=\"De todos.\" aria-errormessage=\"wpforms-469-field_17_4-error\" aria-describedby=\"wpforms-469-field_17-description\"  ><label class=\"wpforms-field-label-inline\" for=\"wpforms-469-field_17_4\">De todos.<\/label><\/li><\/ul><div id=\"wpforms-469-field_17-description\" class=\"wpforms-field-description\">Recibir\u00e1s un texto y\/o imagen con la informaci\u00f3n de fecha y hora de la siguiente convocatoria en un chat individualizado de whatsapp. Para dejar de recibirlos, con que lo indiques simplemente por mensaje en el mismo chat (\"dejar de recibir esta informaci\u00f3n\", por ejemplo), no los volver\u00e1s a recibir.<\/div><\/fieldset><\/div><div id=\"wpforms-469-field_7-container\" class=\"wpforms-field wpforms-field-textarea\" data-field-id=\"7\"><label class=\"wpforms-field-label\" for=\"wpforms-469-field_7\">Comentarios o preguntas<\/label><textarea id=\"wpforms-469-field_7\" class=\"wpforms-field-medium\" name=\"wpforms[fields][7]\" aria-errormessage=\"wpforms-469-field_7-error\" ><\/textarea><\/div><div id=\"wpforms-469-field_16-container\" class=\"wpforms-field wpforms-field-checkbox wpforms-list-inline\" data-field-id=\"16\"><fieldset><legend class=\"wpforms-field-label\">Tratamiento de datos personales <span class=\"wpforms-required-label\" aria-hidden=\"true\">*<\/span><\/legend><ul id=\"wpforms-469-field_16\" class=\"wpforms-field-required wpforms-icon-choices wpforms-icon-choices-none wpforms-icon-choices-small\" style=\"--wpforms-icon-choices-color: #faac0f;\"><li class=\"choice-1 depth-1 wpforms-icon-choices-item\"><label class=\"wpforms-field-label-inline\" for=\"wpforms-469-field_16_1\">\n\t\t\t\t<span class=\"wpforms-icon-choices-icon\">\n\t\t\t\t\t<svg xmlns=\"http:\/\/www.w3.org\/2000\/svg\" width=\"40\" height=\"32\" viewBox=\"0 0 512 512\"><!--! Font Awesome Free 6.4.0 by @fontawesome - https:\/\/fontawesome.com License - https:\/\/fontawesome.com\/license\/free (Icons: CC BY 4.0, Fonts: SIL OFL 1.1, Code: MIT License) Copyright 2023 Fonticons, Inc. --><path d=\"M464 256A208 208 0 1 0 48 256a208 208 0 1 0 416 0zM0 256a256 256 0 1 1 512 0A256 256 0 1 1 0 256zm177.6 62.1C192.8 334.5 218.8 352 256 352s63.2-17.5 78.4-33.9c9-9.7 24.2-10.4 33.9-1.4s10.4 24.2 1.4 33.9c-22 23.8-60 49.4-113.6 49.4s-91.7-25.5-113.6-49.4c-9-9.7-8.4-24.9 1.4-33.9s24.9-8.4 33.9 1.4zM144.4 208a32 32 0 1 1 64 0 32 32 0 1 1 -64 0zm192-32a32 32 0 1 1 0 64 32 32 0 1 1 0-64z\"\/><\/svg>\n\t\t\t\t\t<span class=\"wpforms-icon-choices-icon-bg\"><\/span>\n\t\t\t\t<\/span>\n\t\t\t\t<input type=\"checkbox\" id=\"wpforms-469-field_16_1\" name=\"wpforms[fields][16][]\" value=\"Acepto\" aria-errormessage=\"wpforms-469-field_16_1-error\" aria-describedby=\"wpforms-469-field_16-description\" required >\n\t\t\t\t<span class=\"wpforms-icon-choices-label\">Acepto<\/span>\n\t\t\t<\/label><\/li><\/ul><div id=\"wpforms-469-field_16-description\" class=\"wpforms-field-description\">Para poder ofrecerte mis servicios y mantenerme en contacto contigo, necesito una serie de datos como tel\u00e9fono, email o nombre. Acepta este tratamiento de datos personales conforme a la normativa de protecci\u00f3n de datos, en cumplimiento con el Reglamento (UE) 2016\/679 del Parlamento Europeo y del Consejo, de 27 de abril de 2016 (Reglamento General de Protecci\u00f3n de Datos, RGPD) y la Ley Org\u00e1nica 3\/2018, de 5 de diciembre, de Protecci\u00f3n de Datos Personales y garant\u00eda de los derechos digitales (LOPDGDD). Puedes retirar tu consentimiento en cualquier momento. Para m\u00e1s informaci\u00f3n, por favor consulta la pol\u00edtica de privacidad.<\/div><\/fieldset><\/div><script>\n\t\t\t\t( function() {\n\t\t\t\t\tconst style = document.createElement( 'style' );\n\t\t\t\t\tstyle.appendChild( document.createTextNode( '#wpforms-469-field_2-container { position: absolute !important; overflow: hidden !important; display: inline !important; height: 1px !important; width: 1px !important; z-index: -1000 !important; padding: 0 !important; } #wpforms-469-field_2-container input { visibility: hidden; } #wpforms-conversational-form-page #wpforms-469-field_2-container label { counter-increment: none; }' ) );\n\t\t\t\t\tdocument.head.appendChild( style );\n\t\t\t\t\tdocument.currentScript?.remove();\n\t\t\t\t} )();\n\t\t\t<\/script><\/div><!-- .wpforms-field-container --><div class=\"wpforms-recaptcha-container wpforms-is-recaptcha wpforms-is-recaptcha-type-v2\" ><div class=\"g-recaptcha\" data-sitekey=\"6LdmZV8qAAAAAMNMhMc8F4QcVsrb44rHMPUY7f3W\"><\/div><input type=\"text\" name=\"g-recaptcha-hidden\" class=\"wpforms-recaptcha-hidden\" style=\"position:absolute!important;clip:rect(0,0,0,0)!important;height:1px!important;width:1px!important;border:0!important;overflow:hidden!important;padding:0!important;margin:0!important;\" data-rule-recaptcha=\"1\"><\/div><div class=\"wpforms-submit-container\" ><input type=\"hidden\" name=\"wpforms[id]\" value=\"469\"><input type=\"hidden\" name=\"page_title\" value=\"\"><input type=\"hidden\" name=\"page_url\" value=\"https:\/\/arteneura.dreamify.love\/blog\/wp-json\/wp\/v2\/pages\/474\"><input type=\"hidden\" name=\"url_referer\" value=\"\"><button type=\"submit\" name=\"wpforms[submit]\" id=\"wpforms-submit-469\" class=\"wpforms-submit\" data-alt-text=\"Marchando...\" data-submit-text=\"Enviar\" aria-live=\"assertive\" value=\"wpforms-submit\">Enviar<\/button><img loading=\"lazy\" decoding=\"async\" src=\"https:\/\/arteneura.dreamify.love\/blog\/wp-content\/plugins\/wpforms-lite\/assets\/images\/submit-spin.svg\" class=\"wpforms-submit-spinner\" style=\"display: none;\" width=\"26\" height=\"26\" alt=\"Cargando\"><\/div><\/form><\/div>  <!-- .wpforms-container -->\n","protected":false},"excerpt":{"rendered":"","protected":false},"author":1,"featured_media":0,"parent":0,"menu_order":0,"comment_status":"closed","ping_status":"closed","template":"","meta":{"_monsterinsights_skip_tracking":false,"_monsterinsights_sitenote_active":false,"_monsterinsights_sitenote_note":"","_monsterinsights_sitenote_category":0,"_uf_show_specific_survey":0,"_uf_disable_surveys":false,"footnotes":""},"categories":[],"tags":[],"class_list":["post-474","page","type-page","status-publish","hentry"],"_links":{"self":[{"href":"https:\/\/arteneura.dreamify.love\/blog\/wp-json\/wp\/v2\/pages\/474","targetHints":{"allow":["GET"]}}],"collection":[{"href":"https:\/\/arteneura.dreamify.love\/blog\/wp-json\/wp\/v2\/pages"}],"about":[{"href":"https:\/\/arteneura.dreamify.love\/blog\/wp-json\/wp\/v2\/types\/page"}],"author":[{"embeddable":true,"href":"https:\/\/arteneura.dreamify.love\/blog\/wp-json\/wp\/v2\/users\/1"}],"replies":[{"embeddable":true,"href":"https:\/\/arteneura.dreamify.love\/blog\/wp-json\/wp\/v2\/comments?post=474"}],"version-history":[{"count":1,"href":"https:\/\/arteneura.dreamify.love\/blog\/wp-json\/wp\/v2\/pages\/474\/revisions"}],"predecessor-version":[{"id":475,"href":"https:\/\/arteneura.dreamify.love\/blog\/wp-json\/wp\/v2\/pages\/474\/revisions\/475"}],"wp:attachment":[{"href":"https:\/\/arteneura.dreamify.love\/blog\/wp-json\/wp\/v2\/media?parent=474"}],"wp:term":[{"taxonomy":"category","embeddable":true,"href":"https:\/\/arteneura.dreamify.love\/blog\/wp-json\/wp\/v2\/categories?post=474"},{"taxonomy":"post_tag","embeddable":true,"href":"https:\/\/arteneura.dreamify.love\/blog\/wp-json\/wp\/v2\/tags?post=474"}],"curies":[{"name":"wp","href":"https:\/\/api.w.org\/{rel}","templated":true}]}}