{"id":480,"date":"2025-01-24T20:16:05","date_gmt":"2025-01-24T19:16:05","guid":{"rendered":"https:\/\/arteneural.net\/?page_id=480"},"modified":"2025-01-24T20:16:05","modified_gmt":"2025-01-24T19:16:05","slug":"formulario-para-taller-recursos-para-madres-y-padres-reales","status":"publish","type":"page","link":"https:\/\/arteneura.dreamify.love\/blog\/formulario-para-taller-recursos-para-madres-y-padres-reales\/","title":{"rendered":"Formulario para taller &#8216;Recursos para madres y padres Reales&#8217;"},"content":{"rendered":"<style id=\"wpforms-css-vars-478\">\n\t\t\t\t#wpforms-478 {\n\t\t\t\t\n\t\t\t}\n\t\t\t<\/style><div class=\"wpforms-container wpforms-container-full wpforms-render-modern\" id=\"wpforms-478\"><form id=\"wpforms-form-478\" class=\"wpforms-validate wpforms-form wpforms-ajax-form\" data-formid=\"478\" method=\"post\" enctype=\"multipart\/form-data\" action=\"\/blog\/wp-json\/wp\/v2\/pages\/480\" data-token=\"c12521abadb27f8f6a912ff504f06bd6\" data-token-time=\"1777456068\"><noscript class=\"wpforms-error-noscript\">Por favor, activa JavaScript en tu navegador para completar este formulario.<\/noscript><div id=\"wpforms-error-noscript\" style=\"display: none;\">Por favor, activa JavaScript en tu navegador para completar este formulario.<\/div><div class=\"wpforms-field-container\"><div id=\"wpforms-478-field_14-container\" class=\"wpforms-field wpforms-field-select wpforms-field-select-style-classic\" data-field-id=\"14\"><label class=\"wpforms-field-label\" for=\"wpforms-478-field_14\">\u00bfQuieres solicitar informaci\u00f3n o inscribirte? <span class=\"wpforms-required-label\" aria-hidden=\"true\">*<\/span><\/label><select id=\"wpforms-478-field_14\" class=\"wpforms-field-medium wpforms-field-required\" name=\"wpforms[fields][14]\" required=\"required\"><option value=\"Informaci\u00f3n y\/o aclarar duda\"  class=\"choice-1 depth-1\"  >Informaci\u00f3n y\/o aclarar duda<\/option><option value=\"inscribirme\"  class=\"choice-2 depth-1\"  >inscribirme<\/option><option value=\"ambas\"  class=\"choice-4 depth-1\"  >ambas<\/option><\/select><\/div><div id=\"wpforms-478-field_17-container\" class=\"wpforms-field wpforms-field-text\" data-field-id=\"17\"><label class=\"wpforms-field-label\" for=\"wpforms-478-field_17\">\u00bfCu\u00e1nt@s hij@s o menores a cargo tienes?<\/label><input type=\"text\" id=\"wpforms-478-field_17\" class=\"wpforms-field-medium\" name=\"wpforms[fields][17]\" aria-errormessage=\"wpforms-478-field_17-error\" ><\/div><div id=\"wpforms-478-field_22-container\" class=\"wpforms-field wpforms-field-text\" data-field-id=\"22\"><label class=\"wpforms-field-label\" for=\"wpforms-478-field_22\">\u00bfQu\u00e9 edades tienen?<\/label><input type=\"text\" id=\"wpforms-478-field_22\" class=\"wpforms-field-medium\" name=\"wpforms[fields][22]\" aria-errormessage=\"wpforms-478-field_22-error\" ><\/div><div id=\"wpforms-478-field_18-container\" class=\"wpforms-field wpforms-field-text\" data-field-id=\"18\"><label class=\"wpforms-field-label\" for=\"wpforms-478-field_18\">\u00bfEres cuidador\/a \u00fanic@ o compartes la crianza\/cuidados con alguien m\u00e1s?<\/label><input type=\"text\" id=\"wpforms-478-field_18\" class=\"wpforms-field-medium\" name=\"wpforms[fields][18]\" aria-errormessage=\"wpforms-478-field_18-error\" ><\/div><div id=\"wpforms-478-field_19-container\" class=\"wpforms-field wpforms-field-textarea\" data-field-id=\"19\"><label class=\"wpforms-field-label\" for=\"wpforms-478-field_19\">\u00bfCu\u00e1l es el principal reproche que te haces en la crianza o cuidado de tus hij@s o menores a cargo? (o bien cu\u00e1l es tu principal dificultad)<\/label><textarea id=\"wpforms-478-field_19\" class=\"wpforms-field-medium\" name=\"wpforms[fields][19]\" aria-errormessage=\"wpforms-478-field_19-error\" ><\/textarea><\/div><div id=\"wpforms-478-field_21-container\" class=\"wpforms-field wpforms-field-textarea\" data-field-id=\"21\"><label class=\"wpforms-field-label\" for=\"wpforms-478-field_21\">\u00bfDispones de alguna condici\u00f3n de salud f\u00edsica, emocional o mental rese\u00f1able? En caso de respuesta afirmativa, puedes indic\u00e1rmela por aqu\u00ed o bien en la comunicaci\u00f3n telef\u00f3nica.<\/label><textarea id=\"wpforms-478-field_21\" class=\"wpforms-field-medium\" name=\"wpforms[fields][21]\" aria-errormessage=\"wpforms-478-field_21-error\" ><\/textarea><\/div><div id=\"wpforms-478-field_20-container\" class=\"wpforms-field wpforms-field-select wpforms-field-select-style-classic\" data-field-id=\"20\"><label class=\"wpforms-field-label\" for=\"wpforms-478-field_20\">\u00bfDispones de auriculares que puedas conectar a tu m\u00f3vil? (los utilizaremos en el taller)<\/label><select id=\"wpforms-478-field_20\" class=\"wpforms-field-medium\" name=\"wpforms[fields][20]\"><option value=\"S\u00ed\"  class=\"choice-1 depth-1\"  >S\u00ed<\/option><option value=\"No, pero puedo conseguirlos\"  class=\"choice-2 depth-1\"  >No, pero puedo conseguirlos<\/option><option value=\"No\"  class=\"choice-4 depth-1\"  >No<\/option><\/select><\/div><div id=\"wpforms-478-field_1-container\" class=\"wpforms-field wpforms-field-name\" data-field-id=\"1\"><fieldset><legend class=\"wpforms-field-label\">Nombre<\/legend><div class=\"wpforms-field-row wpforms-field-medium\"><div class=\"wpforms-field-row-block wpforms-first wpforms-one-half\"><input type=\"text\" id=\"wpforms-478-field_1\" class=\"wpforms-field-name-first\" name=\"wpforms[fields][1][first]\" aria-errormessage=\"wpforms-478-field_1-error\" ><label for=\"wpforms-478-field_1\" class=\"wpforms-field-sublabel after\">Nombre<\/label><\/div><div class=\"wpforms-field-row-block wpforms-one-half\"><input type=\"text\" id=\"wpforms-478-field_1-last\" class=\"wpforms-field-name-last\" name=\"wpforms[fields][1][last]\" aria-errormessage=\"wpforms-478-field_1-last-error\" ><label for=\"wpforms-478-field_1-last\" class=\"wpforms-field-sublabel after\">Apellidos<\/label><\/div><\/div><\/fieldset><\/div><div id=\"wpforms-478-field_8-container\" class=\"wpforms-field wpforms-field-email\" data-field-id=\"8\"><fieldset><legend class=\"wpforms-field-label\">Email (en caso de que quieras que contacte contigo por correo electr\u00f3nico)<\/legend><div class=\"wpforms-field-row wpforms-field-medium\"><div class=\"wpforms-field-row-block wpforms-one-half wpforms-first\"><input type=\"email\" id=\"wpforms-478-field_8\" class=\"wpforms-field-email-primary\" name=\"wpforms[fields][8][primary]\" spellcheck=\"false\" aria-errormessage=\"wpforms-478-field_8-error\" ><label for=\"wpforms-478-field_8\" class=\"wpforms-field-sublabel after\">Correo electr\u00f3nico<\/label><\/div><div class=\"wpforms-field-row-block wpforms-one-half\"><input type=\"email\" id=\"wpforms-478-field_8-secondary\" class=\"wpforms-field-email-secondary\" data-rule-confirm=\"#wpforms-478-field_8\" name=\"wpforms[fields][8][secondary]\" spellcheck=\"false\" aria-errormessage=\"wpforms-478-field_8-secondary-error\" ><label for=\"wpforms-478-field_8-secondary\" class=\"wpforms-field-sublabel after\">Confirmar el correo electr\u00f3nico<\/label><\/div><\/div><\/fieldset><\/div><div id=\"wpforms-478-field_13-container\" class=\"wpforms-field wpforms-field-text\" data-field-id=\"13\"><label class=\"wpforms-field-label\" for=\"wpforms-478-field_13\">Tel\u00e9fono (en caso de que prefieras que contacte contigo por whatsapp o llamada)<\/label><input type=\"text\" id=\"wpforms-478-field_13\" class=\"wpforms-field-medium\" name=\"wpforms[fields][13]\" aria-errormessage=\"wpforms-478-field_13-error\" ><\/div>\t\t<div id=\"wpforms-478-field_2-container\"\n\t\t\tclass=\"wpforms-field wpforms-field-text\"\n\t\t\tdata-field-type=\"text\"\n\t\t\tdata-field-id=\"2\"\n\t\t\t>\n\t\t\t<label class=\"wpforms-field-label\" for=\"wpforms-478-field_2\" >Email hij@s \u00bfEres<\/label>\n\t\t\t<input type=\"text\" id=\"wpforms-478-field_2\" class=\"wpforms-field-medium\" name=\"wpforms[fields][2]\" >\n\t\t<\/div>\n\t\t<div id=\"wpforms-478-field_7-container\" class=\"wpforms-field wpforms-field-textarea\" data-field-id=\"7\"><label class=\"wpforms-field-label\" for=\"wpforms-478-field_7\">Otros comentarios o preguntas<\/label><textarea id=\"wpforms-478-field_7\" class=\"wpforms-field-medium\" name=\"wpforms[fields][7]\" aria-errormessage=\"wpforms-478-field_7-error\" ><\/textarea><\/div><div id=\"wpforms-478-field_23-container\" class=\"wpforms-field wpforms-field-checkbox wpforms-list-inline\" data-field-id=\"23\"><fieldset><legend class=\"wpforms-field-label\">Tratamiento de datos personales <span class=\"wpforms-required-label\" aria-hidden=\"true\">*<\/span><\/legend><ul id=\"wpforms-478-field_23\" class=\"wpforms-field-required wpforms-icon-choices wpforms-icon-choices-none wpforms-icon-choices-small\" style=\"--wpforms-icon-choices-color: #faac0f;\"><li class=\"choice-1 depth-1 wpforms-icon-choices-item\"><label class=\"wpforms-field-label-inline\" for=\"wpforms-478-field_23_1\">\n\t\t\t\t<span class=\"wpforms-icon-choices-icon\">\n\t\t\t\t\t<svg xmlns=\"http:\/\/www.w3.org\/2000\/svg\" width=\"40\" height=\"32\" viewBox=\"0 0 512 512\"><!--! Font Awesome Free 6.4.0 by @fontawesome - https:\/\/fontawesome.com License - https:\/\/fontawesome.com\/license\/free (Icons: CC BY 4.0, Fonts: SIL OFL 1.1, Code: MIT License) Copyright 2023 Fonticons, Inc. --><path d=\"M464 256A208 208 0 1 0 48 256a208 208 0 1 0 416 0zM0 256a256 256 0 1 1 512 0A256 256 0 1 1 0 256zm177.6 62.1C192.8 334.5 218.8 352 256 352s63.2-17.5 78.4-33.9c9-9.7 24.2-10.4 33.9-1.4s10.4 24.2 1.4 33.9c-22 23.8-60 49.4-113.6 49.4s-91.7-25.5-113.6-49.4c-9-9.7-8.4-24.9 1.4-33.9s24.9-8.4 33.9 1.4zM144.4 208a32 32 0 1 1 64 0 32 32 0 1 1 -64 0zm192-32a32 32 0 1 1 0 64 32 32 0 1 1 0-64z\"\/><\/svg>\n\t\t\t\t\t<span class=\"wpforms-icon-choices-icon-bg\"><\/span>\n\t\t\t\t<\/span>\n\t\t\t\t<input type=\"checkbox\" id=\"wpforms-478-field_23_1\" name=\"wpforms[fields][23][]\" value=\"Acepto\" aria-errormessage=\"wpforms-478-field_23_1-error\" aria-describedby=\"wpforms-478-field_23-description\" required >\n\t\t\t\t<span class=\"wpforms-icon-choices-label\">Acepto<\/span>\n\t\t\t<\/label><\/li><\/ul><div id=\"wpforms-478-field_23-description\" class=\"wpforms-field-description\">Para poder ofrecerte mis servicios y mantenerme en contacto contigo, necesito una serie de datos como tel\u00e9fono, email o nombre. Acepta este tratamiento de datos personales conforme a la normativa de protecci\u00f3n de datos, en cumplimiento con el Reglamento (UE) 2016\/679 del Parlamento Europeo y del Consejo, de 27 de abril de 2016 (Reglamento General de Protecci\u00f3n de Datos, RGPD) y la Ley Org\u00e1nica 3\/2018, de 5 de diciembre, de Protecci\u00f3n de Datos Personales y garant\u00eda de los derechos digitales (LOPDGDD). Puedes retirar tu consentimiento en cualquier momento. Para m\u00e1s informaci\u00f3n, por favor consulta la pol\u00edtica de privacidad.<\/div><\/fieldset><\/div><script>\n\t\t\t\t( function() {\n\t\t\t\t\tconst style = document.createElement( 'style' );\n\t\t\t\t\tstyle.appendChild( document.createTextNode( '#wpforms-478-field_2-container { position: absolute !important; overflow: hidden !important; display: inline !important; height: 1px !important; width: 1px !important; z-index: -1000 !important; padding: 0 !important; } #wpforms-478-field_2-container input { visibility: hidden; } #wpforms-conversational-form-page #wpforms-478-field_2-container label { counter-increment: none; }' ) );\n\t\t\t\t\tdocument.head.appendChild( style );\n\t\t\t\t\tdocument.currentScript?.remove();\n\t\t\t\t} )();\n\t\t\t<\/script><\/div><!-- .wpforms-field-container --><div class=\"wpforms-recaptcha-container wpforms-is-recaptcha wpforms-is-recaptcha-type-v2\" ><div class=\"g-recaptcha\" data-sitekey=\"6LdmZV8qAAAAAMNMhMc8F4QcVsrb44rHMPUY7f3W\"><\/div><input type=\"text\" name=\"g-recaptcha-hidden\" class=\"wpforms-recaptcha-hidden\" style=\"position:absolute!important;clip:rect(0,0,0,0)!important;height:1px!important;width:1px!important;border:0!important;overflow:hidden!important;padding:0!important;margin:0!important;\" data-rule-recaptcha=\"1\"><\/div><div class=\"wpforms-submit-container\" ><input type=\"hidden\" name=\"wpforms[id]\" value=\"478\"><input type=\"hidden\" name=\"page_title\" value=\"\"><input type=\"hidden\" name=\"page_url\" value=\"https:\/\/arteneura.dreamify.love\/blog\/wp-json\/wp\/v2\/pages\/480\"><input type=\"hidden\" name=\"url_referer\" value=\"\"><button type=\"submit\" name=\"wpforms[submit]\" id=\"wpforms-submit-478\" class=\"wpforms-submit\" data-alt-text=\"Marchando...\" data-submit-text=\"Enviar\" aria-live=\"assertive\" value=\"wpforms-submit\">Enviar<\/button><img loading=\"lazy\" decoding=\"async\" src=\"https:\/\/arteneura.dreamify.love\/blog\/wp-content\/plugins\/wpforms-lite\/assets\/images\/submit-spin.svg\" class=\"wpforms-submit-spinner\" style=\"display: none;\" width=\"26\" height=\"26\" alt=\"Cargando\"><\/div><\/form><\/div>  <!-- .wpforms-container -->\n","protected":false},"excerpt":{"rendered":"","protected":false},"author":1,"featured_media":0,"parent":0,"menu_order":0,"comment_status":"closed","ping_status":"closed","template":"","meta":{"_monsterinsights_skip_tracking":false,"_monsterinsights_sitenote_active":false,"_monsterinsights_sitenote_note":"","_monsterinsights_sitenote_category":0,"_uf_show_specific_survey":0,"_uf_disable_surveys":false,"footnotes":""},"categories":[],"tags":[],"class_list":["post-480","page","type-page","status-publish","hentry"],"_links":{"self":[{"href":"https:\/\/arteneura.dreamify.love\/blog\/wp-json\/wp\/v2\/pages\/480","targetHints":{"allow":["GET"]}}],"collection":[{"href":"https:\/\/arteneura.dreamify.love\/blog\/wp-json\/wp\/v2\/pages"}],"about":[{"href":"https:\/\/arteneura.dreamify.love\/blog\/wp-json\/wp\/v2\/types\/page"}],"author":[{"embeddable":true,"href":"https:\/\/arteneura.dreamify.love\/blog\/wp-json\/wp\/v2\/users\/1"}],"replies":[{"embeddable":true,"href":"https:\/\/arteneura.dreamify.love\/blog\/wp-json\/wp\/v2\/comments?post=480"}],"version-history":[{"count":1,"href":"https:\/\/arteneura.dreamify.love\/blog\/wp-json\/wp\/v2\/pages\/480\/revisions"}],"predecessor-version":[{"id":485,"href":"https:\/\/arteneura.dreamify.love\/blog\/wp-json\/wp\/v2\/pages\/480\/revisions\/485"}],"wp:attachment":[{"href":"https:\/\/arteneura.dreamify.love\/blog\/wp-json\/wp\/v2\/media?parent=480"}],"wp:term":[{"taxonomy":"category","embeddable":true,"href":"https:\/\/arteneura.dreamify.love\/blog\/wp-json\/wp\/v2\/categories?post=480"},{"taxonomy":"post_tag","embeddable":true,"href":"https:\/\/arteneura.dreamify.love\/blog\/wp-json\/wp\/v2\/tags?post=480"}],"curies":[{"name":"wp","href":"https:\/\/api.w.org\/{rel}","templated":true}]}}