{"id":511,"date":"2025-02-01T12:40:45","date_gmt":"2025-02-01T11:40:45","guid":{"rendered":"https:\/\/arteneural.net\/?page_id=511"},"modified":"2025-02-01T12:40:54","modified_gmt":"2025-02-01T11:40:54","slug":"politica-de-privacidad","status":"publish","type":"page","link":"https:\/\/arteneura.dreamify.love\/blog\/politica-de-privacidad\/","title":{"rendered":"Pol\u00edtica de privacidad"},"content":{"rendered":"\n<p><strong>Pol\u00edtica de Privacidad<\/strong><\/p>\n\n\n\n<p><strong>Responsable del tratamiento de datos:<\/strong> Manuel V\u00e1squez Ortega. <strong>Direcci\u00f3n:<\/strong> Ronda de Buenavista 31, bloque 1, local 1. <strong>Correo electr\u00f3nico:<\/strong> miarteneural@gmail.com. <strong>Tel\u00e9fono:<\/strong> 669.038.740.<\/p>\n\n\n\n<p><strong>1. Finalidad del tratamiento:<\/strong> Los datos personales que solicitamos (n\u00famero de tel\u00e9fono y email) se utilizar\u00e1n \u00fanicamente para contactar con la persona con el fin de asuntos acordados de forma mutua, y para ofrecer un servicio m\u00e1s adaptado a las necesidades de la persona (en el caso de otros datos solicitados, como edad, experiencia terap\u00e9utica previa, etc.).<\/p>\n\n\n\n<p><strong>2. Legitimaci\u00f3n:<\/strong> El tratamiento de los datos personales se realiza con el consentimiento expl\u00edcito del interesado, conforme a lo establecido en el Reglamento (UE) 2016\/679 del Parlamento Europeo y del Consejo, de 27 de abril de 2016 (Reglamento General de Protecci\u00f3n de Datos, RGPD) y la Ley Org\u00e1nica 3\/2018, de 5 de diciembre, de Protecci\u00f3n de Datos Personales y garant\u00eda de los derechos digitales (LOPDGDD).<\/p>\n\n\n\n<p><strong>3. Destinatarios:<\/strong> Los datos personales no ser\u00e1n compartidos con terceros, salvo que se requiera para cumplir con la finalidad mencionada.<\/p>\n\n\n\n<p><strong>4. Derechos del interesado:<\/strong> El interesado tiene derecho a acceder, rectificar, suprimir o limitar el tratamiento de sus datos personales, as\u00ed como a oponerse al tratamiento y a portabilidad de los mismos. Para ejercer estos derechos, puede ponerse en contacto con el responsable del tratamiento a trav\u00e9s de los datos proporcionados.<\/p>\n\n\n\n<p><strong>5. Plazos de conservaci\u00f3n:<\/strong> Los datos personales se conservar\u00e1n durante el tiempo necesario para cumplir con la finalidad para la que fueron recogidos y, en cualquier caso, no m\u00e1s all\u00e1 del tiempo necesario para cumplir con las obligaciones legales.<\/p>\n\n\n\n<p><strong>6. Medidas de seguridad:<\/strong> Se tomar\u00e1n las medidas t\u00e9cnicas y organizativas adecuadas para garantizar la seguridad de los datos personales y protegerlos contra el acceso no autorizado, la p\u00e9rdida, la destrucci\u00f3n o el da\u00f1o.<\/p>\n\n\n\n<p><strong>7. Consentimiento:<\/strong> El consentimiento para el tratamiento de los datos personales puede ser retirado en cualquier momento, lo que implicar\u00e1 la eliminaci\u00f3n de los datos de nuestros registros.<\/p>\n\n\n\n<p><strong>8. Contacto:<\/strong> Para cualquier consulta o solicitud relacionada con la protecci\u00f3n de datos, puede contactar con el responsable del tratamiento a trav\u00e9s de los datos proporcionados.<\/p>\n","protected":false},"excerpt":{"rendered":"<p>Pol\u00edtica de Privacidad Responsable del tratamiento de datos: Manuel V\u00e1squez Ortega. Direcci\u00f3n: Ronda de Buenavista 31, bloque 1, local 1. Correo electr\u00f3nico: miarteneural@gmail.com. Tel\u00e9fono: 669.038.740. 1. Finalidad del tratamiento: Los datos personales que solicitamos (n\u00famero de tel\u00e9fono y email) se utilizar\u00e1n \u00fanicamente para contactar con la persona con el fin de asuntos acordados de forma [&hellip;]<\/p>\n","protected":false},"author":1,"featured_media":0,"parent":0,"menu_order":0,"comment_status":"closed","ping_status":"closed","template":"","meta":{"_monsterinsights_skip_tracking":false,"_monsterinsights_sitenote_active":false,"_monsterinsights_sitenote_note":"","_monsterinsights_sitenote_category":0,"_uf_show_specific_survey":0,"_uf_disable_surveys":false,"footnotes":""},"categories":[],"tags":[],"class_list":["post-511","page","type-page","status-publish","hentry"],"_links":{"self":[{"href":"https:\/\/arteneura.dreamify.love\/blog\/wp-json\/wp\/v2\/pages\/511","targetHints":{"allow":["GET"]}}],"collection":[{"href":"https:\/\/arteneura.dreamify.love\/blog\/wp-json\/wp\/v2\/pages"}],"about":[{"href":"https:\/\/arteneura.dreamify.love\/blog\/wp-json\/wp\/v2\/types\/page"}],"author":[{"embeddable":true,"href":"https:\/\/arteneura.dreamify.love\/blog\/wp-json\/wp\/v2\/users\/1"}],"replies":[{"embeddable":true,"href":"https:\/\/arteneura.dreamify.love\/blog\/wp-json\/wp\/v2\/comments?post=511"}],"version-history":[{"count":1,"href":"https:\/\/arteneura.dreamify.love\/blog\/wp-json\/wp\/v2\/pages\/511\/revisions"}],"predecessor-version":[{"id":513,"href":"https:\/\/arteneura.dreamify.love\/blog\/wp-json\/wp\/v2\/pages\/511\/revisions\/513"}],"wp:attachment":[{"href":"https:\/\/arteneura.dreamify.love\/blog\/wp-json\/wp\/v2\/media?parent=511"}],"wp:term":[{"taxonomy":"category","embeddable":true,"href":"https:\/\/arteneura.dreamify.love\/blog\/wp-json\/wp\/v2\/categories?post=511"},{"taxonomy":"post_tag","embeddable":true,"href":"https:\/\/arteneura.dreamify.love\/blog\/wp-json\/wp\/v2\/tags?post=511"}],"curies":[{"name":"wp","href":"https:\/\/api.w.org\/{rel}","templated":true}]}}