{"id":521,"date":"2025-02-01T13:19:22","date_gmt":"2025-02-01T12:19:22","guid":{"rendered":"https:\/\/arteneural.net\/?page_id=521"},"modified":"2025-05-02T11:43:31","modified_gmt":"2025-05-02T10:43:31","slug":"efectivo","status":"publish","type":"page","link":"https:\/\/arteneura.dreamify.love\/blog\/efectivo\/","title":{"rendered":"experiencia EFECTIVO"},"content":{"rendered":"\n<div class=\"wp-block-group alignfull has-background has-global-padding is-layout-constrained wp-container-core-group-is-layout-669513ed wp-block-group-is-layout-constrained\" style=\"background-color:#ffc871;margin-top:0;margin-bottom:0;padding-top:var(--wp--preset--spacing--50);padding-right:var(--wp--preset--spacing--50);padding-bottom:var(--wp--preset--spacing--50);padding-left:var(--wp--preset--spacing--50)\">\n<figure class=\"wp-block-image alignwide size-full is-style-rounded is-style-rounded--1\"><img loading=\"lazy\" decoding=\"async\" width=\"1200\" height=\"801\" src=\"https:\/\/arteneura.dreamify.love\/blog\/wp-content\/uploads\/2025\/02\/pottery-efectivo-grande.png\" alt=\"\" class=\"wp-image-535\" srcset=\"https:\/\/arteneura.dreamify.love\/blog\/wp-content\/uploads\/2025\/02\/pottery-efectivo-grande.png 1200w, https:\/\/arteneura.dreamify.love\/blog\/wp-content\/uploads\/2025\/02\/pottery-efectivo-grande-300x200.png 300w, https:\/\/arteneura.dreamify.love\/blog\/wp-content\/uploads\/2025\/02\/pottery-efectivo-grande-1024x684.png 1024w, https:\/\/arteneura.dreamify.love\/blog\/wp-content\/uploads\/2025\/02\/pottery-efectivo-grande-768x513.png 768w\" sizes=\"auto, (max-width: 1200px) 100vw, 1200px\" \/><\/figure>\n\n\n\n<div class=\"wp-block-columns alignwide is-layout-flex wp-container-core-columns-is-layout-28f84493 wp-block-columns-is-layout-flex\">\n<div class=\"wp-block-column is-layout-flow wp-block-column-is-layout-flow\" style=\"flex-basis:40%\">\n<p class=\"wp-container-content-0733e5d0\">Un encuentro de personas que desean expandirse con cambios concretos y efectivos. Puedes ser <strong>Muestra <\/strong>para l@s dem\u00e1s o bien <strong>Asistente<\/strong>. Sin temas planificados, abiert@s a lo que se que ese d\u00eda se <em>presente<\/em>.<\/p>\n\n\n\n<p>Las <strong>Muestras <\/strong>son las personas que presentar\u00e1n una cuesti\u00f3n que se abordar\u00e1 con la <em>t\u00e9cnica Wingwave<\/em> (una intervenci\u00f3n que combina elementos de EMDR, PNL y kinesiolog\u00eda para liberar estr\u00e9s y bloqueos emocionales de manera eficaz) durante un tiempo m\u00e1ximo de 40 minutos por Muestra. L@s <strong>Asistentes <\/strong>ser\u00e1n testig@s, pudiendo compartir apreciaciones y resonancias entre cada muestra.<\/p>\n\n\n\n<p><strong>\u00bfQu\u00e9 cuestiones se pueden plantear? <\/strong>Cualquiera que encaje en el marco del tiempo disponible por persona (en ocasiones se podr\u00e1 completar una parte de la cuesti\u00f3n). Gesti\u00f3n de conflictos, asertividad, conductas de dependencia, manejo de situaciones de salud, imagen propia, autoconcepto, bloqueos, despedidas, resistencia a cambios&#8230;<\/p>\n\n\n\n<p><strong>Duraci\u00f3n: <\/strong>variar\u00e1 en funci\u00f3n de las Muestras. Entre 2 horas (si son dos Muestras) y 3 horas (si son tres Muestras o m\u00e1s si diese tiempo).<\/p>\n\n\n\n<p><strong>Plazas limitadas:<\/strong> m\u00ednimo 4 personas.<\/p>\n\n\n\n<p><strong>Precio: <\/strong>10\u20ac siendo Asistente, y +20\u20ac por ser Muestra (las personas que son Muestra abonan un total de 30\u20ac por encuentro).<\/p>\n\n\n\n<p><strong>Convoca:<\/strong> Neburk Manuel V\u00e1squez (puedes conocer m\u00e1s de m\u00ed <a href=\"https:\/\/arteneura.dreamify.love\/blog\/quien-soy\/\"><em>aqu\u00ed<\/em><\/a>).<\/p>\n\n\n\n<p><strong>Lugar:<\/strong> local en Ronda de Buenavista 31, Toledo.<\/p>\n\n\n\n<p><strong>Inscripciones y preguntas:<\/strong> rellena el formulario de m\u00e1s abajo.<\/p>\n<\/div>\n\n\n\n<div class=\"wp-block-column is-layout-flow wp-block-column-is-layout-flow\" style=\"flex-basis:60%\">\n<p class=\"has-heading-font-family has-x-large-font-size\" style=\"line-height:1.2\">Alinea la <strong>arquitectura celular<\/strong> para que los cambios que quieres manifestar en tu vida sean <em><strong>reales<\/strong><\/em>.<\/p>\n\n\n\n<p class=\"has-heading-font-family has-x-large-font-size\" style=\"line-height:1.2\">Real quiere decir que es un cambio <strong>concreto<\/strong>, manifiesto, se puede percibir de forma externa y precisa.<\/p>\n\n\n\n<p class=\"has-heading-font-family has-x-large-font-size\" style=\"line-height:1.2\">Profundiza en la comprensi\u00f3n de c\u00f3mo <strong>funciona tu galaxia celular <\/strong>para agilizar que tu siguiente paso sea <strong><em>Efectivo<\/em><\/strong>.<\/p>\n\n\n\n<p class=\"has-heading-font-family has-x-large-font-size\" style=\"line-height:1.2\"><strong>Abraza tu proceso<\/strong> y abrazar\u00e1s el proceso de l@s dem\u00e1s.<\/p>\n\n\n\n<blockquote class=\"wp-block-quote is-layout-flow wp-block-quote-is-layout-flow\">\n<h4 class=\"wp-block-heading has-text-align-center has-base-2-background-color has-text-color has-background has-link-color has-body-font-family wp-elements-fd1bdeda42eef18ada302521c2c2dc7a\" style=\"color:#f39d33;font-style:normal;font-weight:400;line-height:0;writing-mode:horizontal-tb\">Pr\u00f3xima experiencia:<\/h4>\n\n\n\n<p class=\"has-text-align-center has-text-color has-link-color wp-elements-0efdf521af9feaa3b85ac44bd7803abe\" style=\"color:#f39d33\">S\u00e1bado, 17 de mayo, 10h. Toledo<\/p>\n<\/blockquote>\n\n\n\n<p>&nbsp;<\/p>\n<\/div>\n<\/div>\n<\/div>\n\n\n\n<div class=\"wp-block-group alignfull has-contrast-background-color has-background has-global-padding is-layout-constrained wp-container-core-group-is-layout-d89aad35 wp-block-group-is-layout-constrained\" style=\"margin-top:0;margin-bottom:0;padding-top:var(--wp--preset--spacing--50);padding-right:var(--wp--preset--spacing--50);padding-bottom:var(--wp--preset--spacing--50);padding-left:var(--wp--preset--spacing--50)\">\n<div class=\"wp-block-columns alignwide are-vertically-aligned-center is-layout-flex wp-container-core-columns-is-layout-47c06fe3 wp-block-columns-is-layout-flex\">\n<div class=\"wp-block-column is-vertically-aligned-center is-layout-flow wp-block-column-is-layout-flow\" style=\"flex-basis:50%\">\n<h2 class=\"wp-block-heading has-base-2-color has-text-color has-link-color has-xx-large-font-size wp-elements-94199096de07ef0e4c65fec4ba919b51\">\u00bfConoces ya wingwave?<\/h2>\n\n\n\n<ul style=\"line-height:1.75\" class=\"wp-block-list is-style-checkmark-list\">\n<li class=\"has-base-2-color has-text-color has-link-color wp-elements-8645fefe15b92237e0ab4ec70cb7759a\">Combina elementos de EMDR, PNL y kinesiolog\u00eda<\/li>\n\n\n\n<li class=\"has-base-2-color has-text-color has-link-color wp-elements-2839c8be7106c184256d384708242ab1\">Agiliza los cambios al disolver bloqueos emocionales y som\u00e1ticos, as\u00ed como creencias limitantes<\/li>\n\n\n\n<li class=\"has-base-2-color has-text-color has-link-color wp-elements-fe466419478c41a3dd0f763990e58408\">Es el coaching con m\u00e1s investigaciones que avalan su efectividad<\/li>\n\n\n\n<li class=\"has-base-2-color has-text-color has-link-color wp-elements-096ff909c95721950c37dbe6347d08c1\">En <a href=\"https:\/\/www.youtube.com\/watch?v=Fy3GIFyOL-w\"><em>este enlace<\/em><\/a> encontrar\u00e1s una presentaci\u00f3n animada de wingwave.<\/li>\n\n\n\n<li>&nbsp;<\/li>\n<\/ul>\n<\/div>\n\n\n\n<div class=\"wp-block-column is-vertically-aligned-center is-layout-flow wp-block-column-is-layout-flow\" style=\"flex-basis:50%\">\n<figure class=\"wp-block-embed aligncenter is-type-video is-provider-youtube wp-block-embed-youtube wp-embed-aspect-16-9 wp-has-aspect-ratio\" style=\"margin-top:0;margin-right:0;margin-bottom:0;margin-left:0\"><div class=\"wp-block-embed__wrapper\">\n<iframe loading=\"lazy\" title=\"Nueva experiencia en Toledo: EFECTIVO. Abriendo wingwave a nuevos espacios para impulsar a concritud\" width=\"500\" height=\"281\" src=\"https:\/\/www.youtube.com\/embed\/LVG41EtHslE?feature=oembed\" frameborder=\"0\" allow=\"accelerometer; autoplay; clipboard-write; encrypted-media; gyroscope; picture-in-picture; web-share\" referrerpolicy=\"strict-origin-when-cross-origin\" allowfullscreen><\/iframe>\n<\/div><\/figure>\n<\/div>\n<\/div>\n<\/div>\n\n\n<style id=\"wpforms-css-vars-509-block-a788087b-b0c3-4c85-842d-a2bfc1c4a9f1\">\n\t\t\t\t#wpforms-509.wpforms-block-a788087b-b0c3-4c85-842d-a2bfc1c4a9f1 {\n\t\t\t\t--wpforms-button-background-color: #d8613c;\n--wpforms-field-size-input-height: 43px;\n--wpforms-field-size-input-spacing: 15px;\n--wpforms-field-size-font-size: 16px;\n--wpforms-field-size-line-height: 19px;\n--wpforms-field-size-padding-h: 14px;\n--wpforms-field-size-checkbox-size: 16px;\n--wpforms-field-size-sublabel-spacing: 5px;\n--wpforms-field-size-icon-size: 1;\n--wpforms-label-size-font-size: 16px;\n--wpforms-label-size-line-height: 19px;\n--wpforms-label-size-sublabel-font-size: 14px;\n--wpforms-label-size-sublabel-line-height: 17px;\n--wpforms-button-size-font-size: 17px;\n--wpforms-button-size-height: 41px;\n--wpforms-button-size-padding-h: 15px;\n--wpforms-button-size-margin-top: 10px;\n\t\t\t}\n\t\t\t<\/style><div class=\"wpforms-container wpforms-container-full wpforms-block wpforms-block-a788087b-b0c3-4c85-842d-a2bfc1c4a9f1 wpforms-render-modern\" id=\"wpforms-509\"><form id=\"wpforms-form-509\" class=\"wpforms-validate wpforms-form wpforms-ajax-form\" data-formid=\"509\" method=\"post\" enctype=\"multipart\/form-data\" action=\"\/blog\/wp-json\/wp\/v2\/pages\/521\" data-token=\"284e413c948415640c0b052560a5376f\" data-token-time=\"1777447995\"><div class=\"wpforms-head-container\"><div class=\"wpforms-title\">Formulario para experiencia &#039;Efectivo&#039;<\/div><div class=\"wpforms-description\">Rellena todos los campos solo si quieres inscribirte.\r\n\r\nEn caso de solicitar informaci\u00f3n, indica n\u00famero de tel\u00e9fono en funci\u00f3n de tu preferencia para que te contacte.<\/div><\/div><noscript class=\"wpforms-error-noscript\">Por favor, activa JavaScript en tu navegador para completar este formulario.<\/noscript><div id=\"wpforms-error-noscript\" style=\"display: none;\">Por favor, activa JavaScript en tu navegador para completar este formulario.<\/div><div class=\"wpforms-field-container\"><div id=\"wpforms-509-field_14-container\" class=\"wpforms-field wpforms-field-select wpforms-field-select-style-classic\" data-field-id=\"14\"><label class=\"wpforms-field-label\" for=\"wpforms-509-field_14\">\u00bfQuieres solicitar informaci\u00f3n o inscribirte? <span class=\"wpforms-required-label\" aria-hidden=\"true\">*<\/span><\/label><select id=\"wpforms-509-field_14\" class=\"wpforms-field-medium wpforms-field-required\" name=\"wpforms[fields][14]\" required=\"required\"><option value=\"Informaci\u00f3n y\/o aclarar duda\"  class=\"choice-1 depth-1\"  >Informaci\u00f3n y\/o aclarar duda<\/option><option value=\"inscribirme\"  class=\"choice-2 depth-1\"  >inscribirme<\/option><option value=\"ambas\"  class=\"choice-4 depth-1\"  >ambas<\/option><\/select><\/div><div id=\"wpforms-509-field_17-container\" class=\"wpforms-field wpforms-field-text\" data-field-id=\"17\"><label class=\"wpforms-field-label\" for=\"wpforms-509-field_17\">\u00bfQu\u00e9 edad tienes?<\/label><input type=\"text\" id=\"wpforms-509-field_17\" class=\"wpforms-field-medium\" name=\"wpforms[fields][17]\" aria-errormessage=\"wpforms-509-field_17-error\" ><\/div><div id=\"wpforms-509-field_22-container\" class=\"wpforms-field wpforms-field-text\" data-field-id=\"22\"><label class=\"wpforms-field-label\" for=\"wpforms-509-field_22\">\u00bfHas participado anteriormente en alguna experiencia de autoconocimiento, terapia o similar?<\/label><input type=\"text\" id=\"wpforms-509-field_22\" class=\"wpforms-field-medium\" name=\"wpforms[fields][22]\" aria-errormessage=\"wpforms-509-field_22-error\" ><\/div><div id=\"wpforms-509-field_7-container\" class=\"wpforms-field wpforms-field-textarea\" data-field-id=\"7\"><label class=\"wpforms-field-label\" for=\"wpforms-509-field_7\">Otros comentarios o preguntas<\/label><textarea id=\"wpforms-509-field_7\" class=\"wpforms-field-medium\" name=\"wpforms[fields][7]\" aria-errormessage=\"wpforms-509-field_7-error\" ><\/textarea><\/div><div id=\"wpforms-509-field_1-container\" class=\"wpforms-field wpforms-field-name\" data-field-id=\"1\"><fieldset><legend class=\"wpforms-field-label\">Nombre<\/legend><div class=\"wpforms-field-row wpforms-field-medium\"><div class=\"wpforms-field-row-block wpforms-first wpforms-one-half\"><input type=\"text\" id=\"wpforms-509-field_1\" class=\"wpforms-field-name-first\" name=\"wpforms[fields][1][first]\" aria-errormessage=\"wpforms-509-field_1-error\" ><label for=\"wpforms-509-field_1\" class=\"wpforms-field-sublabel after\">Nombre<\/label><\/div><div class=\"wpforms-field-row-block wpforms-one-half\"><input type=\"text\" id=\"wpforms-509-field_1-last\" class=\"wpforms-field-name-last\" name=\"wpforms[fields][1][last]\" aria-errormessage=\"wpforms-509-field_1-last-error\" ><label for=\"wpforms-509-field_1-last\" class=\"wpforms-field-sublabel after\">Apellidos<\/label><\/div><\/div><\/fieldset><\/div><div id=\"wpforms-509-field_26-container\" class=\"wpforms-field wpforms-field-text\" data-field-id=\"26\"><label class=\"wpforms-field-label\" for=\"wpforms-509-field_26\">\u00bfN\u00famero de m\u00f3vil? Para poder contactarte de cara a aclarar informaci\u00f3n o facilitar indicaciones para la experiencia &#039;Efectivo&#039;. <span class=\"wpforms-required-label\" aria-hidden=\"true\">*<\/span><\/label><input type=\"text\" id=\"wpforms-509-field_26\" class=\"wpforms-field-medium wpforms-field-required\" name=\"wpforms[fields][26]\" aria-errormessage=\"wpforms-509-field_26-error\" required><\/div>\t\t<div id=\"wpforms-509-field_2-container\"\n\t\t\tclass=\"wpforms-field wpforms-field-text\"\n\t\t\tdata-field-type=\"text\"\n\t\t\tdata-field-id=\"2\"\n\t\t\t>\n\t\t\t<label class=\"wpforms-field-label\" for=\"wpforms-509-field_2\" >siguientes informaci\u00f3n En<\/label>\n\t\t\t<input type=\"text\" id=\"wpforms-509-field_2\" class=\"wpforms-field-medium\" name=\"wpforms[fields][2]\" >\n\t\t<\/div>\n\t\t<div id=\"wpforms-509-field_28-container\" class=\"wpforms-field wpforms-field-checkbox\" data-field-id=\"28\"><fieldset><legend class=\"wpforms-field-label\">\u00bfQuieres recibir por whatsapp la informaci\u00f3n de las siguientes convocatorias de &#039;Efectivo&#039;?<\/legend><ul id=\"wpforms-509-field_28\"><li class=\"choice-1 depth-1\"><input type=\"checkbox\" id=\"wpforms-509-field_28_1\" name=\"wpforms[fields][28][]\" value=\"S\u00ed\" aria-errormessage=\"wpforms-509-field_28_1-error\" aria-describedby=\"wpforms-509-field_28-description\"  ><label class=\"wpforms-field-label-inline\" for=\"wpforms-509-field_28_1\">S\u00ed<\/label><\/li><\/ul><div id=\"wpforms-509-field_28-description\" class=\"wpforms-field-description\">Recibir\u00e1s un texto y\/o imagen con la informaci\u00f3n de fecha y hora de la siguiente convocatoria en un chat individualizado de whatsapp. Para dejar de recibirlos, con que lo indiques simplemente por mensaje en el mismo chat (\u00abdejar de recibir esta informaci\u00f3n\u00bb, por ejemplo), no los volver\u00e1s a recibir.<\/div><\/fieldset><\/div><div id=\"wpforms-509-field_29-container\" class=\"wpforms-field wpforms-field-text\" data-field-id=\"29\"><label class=\"wpforms-field-label\" for=\"wpforms-509-field_29\">\u00bfPreferir\u00edas otro d\u00eda u horario de la semana para la siguiente convocatoria? En ese caso, indica cu\u00e1l, y as\u00ed poder tenerlo en cuenta.<\/label><input type=\"text\" id=\"wpforms-509-field_29\" class=\"wpforms-field-medium\" name=\"wpforms[fields][29]\" aria-errormessage=\"wpforms-509-field_29-error\" ><\/div><div id=\"wpforms-509-field_25-container\" class=\"wpforms-field wpforms-field-checkbox wpforms-list-inline\" data-field-id=\"25\"><fieldset><legend class=\"wpforms-field-label\">Tratamiento de datos personales <span class=\"wpforms-required-label\" aria-hidden=\"true\">*<\/span><\/legend><ul id=\"wpforms-509-field_25\" class=\"wpforms-field-required wpforms-icon-choices wpforms-icon-choices-none wpforms-icon-choices-small\" style=\"--wpforms-icon-choices-color: #faac0f;\"><li class=\"choice-1 depth-1 wpforms-icon-choices-item\"><label class=\"wpforms-field-label-inline\" for=\"wpforms-509-field_25_1\">\n\t\t\t\t<span class=\"wpforms-icon-choices-icon\">\n\t\t\t\t\t<svg xmlns=\"http:\/\/www.w3.org\/2000\/svg\" width=\"40\" height=\"32\" viewBox=\"0 0 512 512\"><!--! Font Awesome Free 6.4.0 by @fontawesome - https:\/\/fontawesome.com License - https:\/\/fontawesome.com\/license\/free (Icons: CC BY 4.0, Fonts: SIL OFL 1.1, Code: MIT License) Copyright 2023 Fonticons, Inc. --><path d=\"M464 256A208 208 0 1 0 48 256a208 208 0 1 0 416 0zM0 256a256 256 0 1 1 512 0A256 256 0 1 1 0 256zm177.6 62.1C192.8 334.5 218.8 352 256 352s63.2-17.5 78.4-33.9c9-9.7 24.2-10.4 33.9-1.4s10.4 24.2 1.4 33.9c-22 23.8-60 49.4-113.6 49.4s-91.7-25.5-113.6-49.4c-9-9.7-8.4-24.9 1.4-33.9s24.9-8.4 33.9 1.4zM144.4 208a32 32 0 1 1 64 0 32 32 0 1 1 -64 0zm192-32a32 32 0 1 1 0 64 32 32 0 1 1 0-64z\"\/><\/svg>\n\t\t\t\t\t<span class=\"wpforms-icon-choices-icon-bg\"><\/span>\n\t\t\t\t<\/span>\n\t\t\t\t<input type=\"checkbox\" id=\"wpforms-509-field_25_1\" name=\"wpforms[fields][25][]\" value=\"Acepto\" aria-errormessage=\"wpforms-509-field_25_1-error\" aria-describedby=\"wpforms-509-field_25-description\" required >\n\t\t\t\t<span class=\"wpforms-icon-choices-label\">Acepto<\/span>\n\t\t\t<\/label><\/li><\/ul><div id=\"wpforms-509-field_25-description\" class=\"wpforms-field-description\">Para poder ofrecerte mis servicios y mantenerme en contacto contigo, necesito una serie de datos como tel\u00e9fono, email o nombre. Acepta este tratamiento de datos personales conforme a la normativa de protecci\u00f3n de datos, en cumplimiento con el Reglamento (UE) 2016\/679 del Parlamento Europeo y del Consejo, de 27 de abril de 2016 (Reglamento General de Protecci\u00f3n de Datos, RGPD) y la Ley Org\u00e1nica 3\/2018, de 5 de diciembre, de Protecci\u00f3n de Datos Personales y garant\u00eda de los derechos digitales (LOPDGDD). Puedes retirar tu consentimiento en cualquier momento. Para m\u00e1s informaci\u00f3n, por favor consulta la pol\u00edtica de privacidad.<\/div><\/fieldset><\/div><script>\n\t\t\t\t( function() {\n\t\t\t\t\tconst style = document.createElement( 'style' );\n\t\t\t\t\tstyle.appendChild( document.createTextNode( '#wpforms-509-field_2-container { position: absolute !important; overflow: hidden !important; display: inline !important; height: 1px !important; width: 1px !important; z-index: -1000 !important; padding: 0 !important; } #wpforms-509-field_2-container input { visibility: hidden; } #wpforms-conversational-form-page #wpforms-509-field_2-container label { counter-increment: none; }' ) );\n\t\t\t\t\tdocument.head.appendChild( style );\n\t\t\t\t\tdocument.currentScript?.remove();\n\t\t\t\t} )();\n\t\t\t<\/script><\/div><!-- .wpforms-field-container --><div class=\"wpforms-recaptcha-container wpforms-is-recaptcha wpforms-is-recaptcha-type-v2\" ><div class=\"g-recaptcha\" data-sitekey=\"6LdmZV8qAAAAAMNMhMc8F4QcVsrb44rHMPUY7f3W\"><\/div><input type=\"text\" name=\"g-recaptcha-hidden\" class=\"wpforms-recaptcha-hidden\" style=\"position:absolute!important;clip:rect(0,0,0,0)!important;height:1px!important;width:1px!important;border:0!important;overflow:hidden!important;padding:0!important;margin:0!important;\" data-rule-recaptcha=\"1\"><\/div><div class=\"wpforms-submit-container\" ><input type=\"hidden\" name=\"wpforms[id]\" value=\"509\"><input type=\"hidden\" name=\"page_title\" value=\"\"><input type=\"hidden\" name=\"page_url\" value=\"https:\/\/arteneura.dreamify.love\/blog\/wp-json\/wp\/v2\/pages\/521\"><input type=\"hidden\" name=\"url_referer\" value=\"\"><button type=\"submit\" name=\"wpforms[submit]\" id=\"wpforms-submit-509\" class=\"wpforms-submit\" data-alt-text=\"Marchando...\" data-submit-text=\"Enviar\" aria-live=\"assertive\" value=\"wpforms-submit\">Enviar<\/button><img loading=\"lazy\" decoding=\"async\" src=\"https:\/\/arteneura.dreamify.love\/blog\/wp-content\/plugins\/wpforms-lite\/assets\/images\/submit-spin.svg\" class=\"wpforms-submit-spinner\" style=\"display: none;\" width=\"26\" height=\"26\" alt=\"Cargando\"><\/div><\/form><\/div>  <!-- .wpforms-container -->","protected":false},"excerpt":{"rendered":"<p>Un encuentro de personas que desean expandirse con cambios concretos y efectivos. Puedes ser Muestra para l@s dem\u00e1s o bien Asistente. Sin temas planificados, abiert@s a lo que se que ese d\u00eda se presente. Las Muestras son las personas que presentar\u00e1n una cuesti\u00f3n que se abordar\u00e1 con la t\u00e9cnica Wingwave (una intervenci\u00f3n que combina elementos [&hellip;]<\/p>\n","protected":false},"author":1,"featured_media":0,"parent":0,"menu_order":0,"comment_status":"closed","ping_status":"closed","template":"","meta":{"_monsterinsights_skip_tracking":false,"_monsterinsights_sitenote_active":false,"_monsterinsights_sitenote_note":"","_monsterinsights_sitenote_category":0,"_uf_show_specific_survey":0,"_uf_disable_surveys":false,"footnotes":""},"categories":[],"tags":[93,89,94,100,98,26,95,25,96,91,81,92,99,23,90,97,24,30],"class_list":["post-521","page","type-page","status-publish","hentry","tag-autoconocimiento","tag-coachingwingwave","tag-crecimiento-personal","tag-curso","tag-desarrollo-personal","tag-emdr","tag-escritura-expresiva","tag-gestalt","tag-gestalt-grupal","tag-grupo-terapeutico","tag-neurociencia","tag-taller","tag-talleres","tag-terapia-gestalt","tag-terapia-grupal","tag-terapia-humanista","tag-toledo","tag-wingwave"],"_links":{"self":[{"href":"https:\/\/arteneura.dreamify.love\/blog\/wp-json\/wp\/v2\/pages\/521","targetHints":{"allow":["GET"]}}],"collection":[{"href":"https:\/\/arteneura.dreamify.love\/blog\/wp-json\/wp\/v2\/pages"}],"about":[{"href":"https:\/\/arteneura.dreamify.love\/blog\/wp-json\/wp\/v2\/types\/page"}],"author":[{"embeddable":true,"href":"https:\/\/arteneura.dreamify.love\/blog\/wp-json\/wp\/v2\/users\/1"}],"replies":[{"embeddable":true,"href":"https:\/\/arteneura.dreamify.love\/blog\/wp-json\/wp\/v2\/comments?post=521"}],"version-history":[{"count":18,"href":"https:\/\/arteneura.dreamify.love\/blog\/wp-json\/wp\/v2\/pages\/521\/revisions"}],"predecessor-version":[{"id":748,"href":"https:\/\/arteneura.dreamify.love\/blog\/wp-json\/wp\/v2\/pages\/521\/revisions\/748"}],"wp:attachment":[{"href":"https:\/\/arteneura.dreamify.love\/blog\/wp-json\/wp\/v2\/media?parent=521"}],"wp:term":[{"taxonomy":"category","embeddable":true,"href":"https:\/\/arteneura.dreamify.love\/blog\/wp-json\/wp\/v2\/categories?post=521"},{"taxonomy":"post_tag","embeddable":true,"href":"https:\/\/arteneura.dreamify.love\/blog\/wp-json\/wp\/v2\/tags?post=521"}],"curies":[{"name":"wp","href":"https:\/\/api.w.org\/{rel}","templated":true}]}}