{"id":525,"date":"2025-02-01T13:24:52","date_gmt":"2025-02-01T12:24:52","guid":{"rendered":"https:\/\/arteneural.net\/?page_id=525"},"modified":"2025-02-01T13:24:59","modified_gmt":"2025-02-01T12:24:59","slug":"terminos-y-condiciones","status":"publish","type":"page","link":"https:\/\/arteneura.dreamify.love\/blog\/terminos-y-condiciones\/","title":{"rendered":"T\u00e9rminos y condiciones"},"content":{"rendered":"\n<p><strong>T\u00e9rminos y Condiciones<\/strong><\/p>\n\n\n\n<p><strong>Identificaci\u00f3n del proveedor<\/strong>: Nombre: Manuel V\u00e1squez Ortega. Direcci\u00f3n: Ronda de Buenavista 31, bloque 1, local 1. Correo electr\u00f3nico: miarteneural@gmail.com. Tel\u00e9fono: 669.038.740.<\/p>\n\n\n\n<p><strong>Objeto<\/strong>: Los presentes t\u00e9rminos y condiciones regulan el acceso y uso del sitio web <em>arteneural.net<\/em>, as\u00ed como los servicios y contenidos puestos a disposici\u00f3n del usuario.<\/p>\n\n\n\n<p><strong>Condiciones de uso<\/strong>: El usuario se compromete a hacer un uso adecuado de los contenidos y servicios ofrecidos en el sitio web y a no emplearlos para actividades il\u00edcitas o contrarias a la buena fe y al orden p\u00fablico.<\/p>\n\n\n\n<p><strong>Derechos y obligaciones del usuario<\/strong>: El usuario se compromete a proporcionar informaci\u00f3n veraz y actualizada en los formularios del sitio web. El usuario es responsable de mantener la confidencialidad de sus datos de acceso y de cualquier actividad que se realice desde su cuenta.<\/p>\n\n\n\n<p><strong>Pol\u00edtica de privacidad<\/strong>: La recopilaci\u00f3n y tratamiento de datos personales se regir\u00e1 por lo dispuesto en nuestra <a href=\"https:\/\/arteneura.dreamify.love\/blog\/politica-de-privacidad\/\"><em>Pol\u00edtica de Privacidad<\/em><\/a>, en cumplimiento con el Reglamento (UE) 2016\/679 (RGPD) y la Ley Org\u00e1nica 3\/2018 (LOPDGDD).<\/p>\n\n\n\n<p><strong>Propiedad intelectual<\/strong>: Todos los contenidos del sitio web (textos, im\u00e1genes, gr\u00e1ficos, etc.) son propiedad de Manuel V\u00e1squez Ortega o de terceros autorizados y est\u00e1n protegidos por las leyes de propiedad intelectual. Queda prohibida su reproducci\u00f3n, distribuci\u00f3n, comunicaci\u00f3n p\u00fablica o transformaci\u00f3n sin la autorizaci\u00f3n expresa de los titulares de los derechos.<\/p>\n\n\n\n<p><strong>Exoneraci\u00f3n de responsabilidades<\/strong>: Manuel V\u00e1squez Ortega no ser\u00e1 responsable de los da\u00f1os y perjuicios de cualquier naturaleza que puedan derivarse del uso del sitio web, incluyendo errores o fallos t\u00e9cnicos, interrupciones del servicio o la existencia de virus u otros elementos da\u00f1inos.<\/p>\n\n\n\n<p><strong>Modificaciones<\/strong>: Manuel V\u00e1squez Ortega se reserva el derecho a modificar los presentes t\u00e9rminos y condiciones en cualquier momento. Las modificaciones entrar\u00e1n en vigor desde el momento de su publicaci\u00f3n en el sitio web. Se recomienda al usuario revisar peri\u00f3dicamente estos t\u00e9rminos y condiciones.<\/p>\n\n\n\n<p><strong>Jurisdicci\u00f3n y ley aplicable<\/strong>: Los presentes t\u00e9rminos y condiciones se rigen por la legislaci\u00f3n espa\u00f1ola. Cualquier controversia que pueda surgir en relaci\u00f3n con su interpretaci\u00f3n o aplicaci\u00f3n se someter\u00e1 a los tribunales competentes de la ciudad de Toledo.<\/p>\n\n\n\n<p><strong>Aceptaci\u00f3n de los t\u00e9rminos<\/strong> El acceso y uso del sitio web implica la aceptaci\u00f3n plena y sin reservas de todos los t\u00e9rminos y condiciones aqu\u00ed expuestos.<\/p>\n","protected":false},"excerpt":{"rendered":"<p>T\u00e9rminos y Condiciones Identificaci\u00f3n del proveedor: Nombre: Manuel V\u00e1squez Ortega. Direcci\u00f3n: Ronda de Buenavista 31, bloque 1, local 1. Correo electr\u00f3nico: miarteneural@gmail.com. Tel\u00e9fono: 669.038.740. Objeto: Los presentes t\u00e9rminos y condiciones regulan el acceso y uso del sitio web arteneural.net, as\u00ed como los servicios y contenidos puestos a disposici\u00f3n del usuario. Condiciones de uso: El usuario [&hellip;]<\/p>\n","protected":false},"author":1,"featured_media":0,"parent":0,"menu_order":0,"comment_status":"closed","ping_status":"closed","template":"","meta":{"_monsterinsights_skip_tracking":false,"_monsterinsights_sitenote_active":false,"_monsterinsights_sitenote_note":"","_monsterinsights_sitenote_category":0,"_uf_show_specific_survey":0,"_uf_disable_surveys":false,"footnotes":""},"categories":[],"tags":[],"class_list":["post-525","page","type-page","status-publish","hentry"],"_links":{"self":[{"href":"https:\/\/arteneura.dreamify.love\/blog\/wp-json\/wp\/v2\/pages\/525","targetHints":{"allow":["GET"]}}],"collection":[{"href":"https:\/\/arteneura.dreamify.love\/blog\/wp-json\/wp\/v2\/pages"}],"about":[{"href":"https:\/\/arteneura.dreamify.love\/blog\/wp-json\/wp\/v2\/types\/page"}],"author":[{"embeddable":true,"href":"https:\/\/arteneura.dreamify.love\/blog\/wp-json\/wp\/v2\/users\/1"}],"replies":[{"embeddable":true,"href":"https:\/\/arteneura.dreamify.love\/blog\/wp-json\/wp\/v2\/comments?post=525"}],"version-history":[{"count":1,"href":"https:\/\/arteneura.dreamify.love\/blog\/wp-json\/wp\/v2\/pages\/525\/revisions"}],"predecessor-version":[{"id":526,"href":"https:\/\/arteneura.dreamify.love\/blog\/wp-json\/wp\/v2\/pages\/525\/revisions\/526"}],"wp:attachment":[{"href":"https:\/\/arteneura.dreamify.love\/blog\/wp-json\/wp\/v2\/media?parent=525"}],"wp:term":[{"taxonomy":"category","embeddable":true,"href":"https:\/\/arteneura.dreamify.love\/blog\/wp-json\/wp\/v2\/categories?post=525"},{"taxonomy":"post_tag","embeddable":true,"href":"https:\/\/arteneura.dreamify.love\/blog\/wp-json\/wp\/v2\/tags?post=525"}],"curies":[{"name":"wp","href":"https:\/\/api.w.org\/{rel}","templated":true}]}}