{"id":565,"date":"2025-02-07T14:58:50","date_gmt":"2025-02-07T13:58:50","guid":{"rendered":"https:\/\/arteneural.net\/?page_id=565"},"modified":"2025-03-02T20:07:36","modified_gmt":"2025-03-02T19:07:36","slug":"wingwave-y-emdr","status":"publish","type":"page","link":"https:\/\/arteneura.dreamify.love\/blog\/wingwave-y-emdr\/","title":{"rendered":"wingwave y EMDR"},"content":{"rendered":"\n<div class=\"wp-block-group alignfull has-background has-global-padding is-layout-constrained wp-container-core-group-is-layout-669513ed wp-block-group-is-layout-constrained\" style=\"background-color:#ffda96;margin-top:0;margin-bottom:0;padding-top:var(--wp--preset--spacing--50);padding-right:var(--wp--preset--spacing--50);padding-bottom:var(--wp--preset--spacing--50);padding-left:var(--wp--preset--spacing--50)\">\n<div class=\"wp-block-columns alignwide is-layout-flex wp-container-core-columns-is-layout-28f84493 wp-block-columns-is-layout-flex\">\n<div class=\"wp-block-column is-layout-flow wp-block-column-is-layout-flow\">\n<p class=\"wp-container-content-0733e5d0\"><em>Soltar cargas y bloqueos emocionales, a nivel celular<\/em><\/p>\n\n\n\n<figure class=\"wp-block-embed is-type-video is-provider-youtube wp-block-embed-youtube wp-embed-aspect-4-3 wp-has-aspect-ratio\"><div class=\"wp-block-embed__wrapper\">\n<iframe loading=\"lazy\" title=\"\u00bfQu\u00e9 temas puedes abordar con #wingwave y #emdr? Presencial en #Toledo u online.\" width=\"500\" height=\"375\" src=\"https:\/\/www.youtube.com\/embed\/zwoDGyXl3-4?feature=oembed\" frameborder=\"0\" allow=\"accelerometer; autoplay; clipboard-write; encrypted-media; gyroscope; picture-in-picture; web-share\" referrerpolicy=\"strict-origin-when-cross-origin\" allowfullscreen><\/iframe>\n<\/div><\/figure>\n<\/div>\n\n\n\n<div class=\"wp-block-column is-layout-flow wp-block-column-is-layout-flow\">\n<p class=\"has-heading-font-family has-x-large-font-size\" style=\"border-style:none;border-width:0px;padding-top:var(--wp--preset--spacing--20);padding-right:var(--wp--preset--spacing--20);padding-bottom:var(--wp--preset--spacing--20);padding-left:var(--wp--preset--spacing--20);line-height:1.2\">Estos son algunos de los temas que puedes abordar con <strong>wingwave <\/strong>y <strong>EMDR <\/strong>en Toledo presencial o bien online desde cualquier lugar del planeta. En sesiones individuales o propuestas grupales.<\/p>\n<\/div>\n<\/div>\n<\/div>\n\n\n\n<div class=\"wp-block-group alignfull has-base-background-color has-background has-global-padding is-layout-constrained wp-container-core-group-is-layout-d89aad35 wp-block-group-is-layout-constrained\" style=\"margin-top:0;margin-bottom:0;padding-top:var(--wp--preset--spacing--50);padding-right:var(--wp--preset--spacing--50);padding-bottom:var(--wp--preset--spacing--50);padding-left:var(--wp--preset--spacing--50)\">\n<div class=\"wp-block-columns alignwide is-layout-flex wp-container-core-columns-is-layout-549b0c86 wp-block-columns-is-layout-flex\">\n<div class=\"wp-block-column has-global-padding is-content-justification-left is-layout-constrained wp-container-core-column-is-layout-4f15e8fe wp-block-column-is-layout-constrained\" style=\"flex-basis:40%\">\n<p><em><strong>Wingwave <\/strong>(desarrollado en el a\u00f1o 2000) es el coaching con m\u00e1s investigaciones que avalan sus efectos, y <strong>EMDR <\/strong>(surge en 1987) es una terapia con una veintena de investigaciones revisadas (y otros 37 estudios en progreso) a fecha de 2024, que confirman sus beneficios ante distintos funcionamientos disfuncionales del ser humano.<\/em><\/p>\n\n\n\n<p>Plant\u00e9ame tus dudas o cuesti\u00f3n que te gustar\u00eda abordar a trav\u00e9s de este formulario.<\/p>\n\n\n\n<div class=\"wp-block-buttons is-content-justification-center is-layout-flex wp-container-core-buttons-is-layout-a89b3969 wp-block-buttons-is-layout-flex\">\n<div class=\"wp-block-button is-style-outline has-body-font-family is-style-outline--1\"><a class=\"wp-block-button__link has-text-color has-background has-link-color has-border-color has-accent-3-border-color has-text-align-center wp-element-button\" href=\"https:\/\/arteneura.dreamify.love\/blog\/contacto\/\" style=\"color:#ea7102;background-color:#ffda96\"><strong>Ponte en contacto aqu\u00ed<\/strong><\/a><\/div>\n<\/div>\n<\/div>\n\n\n\n<div class=\"wp-block-column is-layout-flow wp-container-core-column-is-layout-119bc444 wp-block-column-is-layout-flow\" style=\"flex-basis:60%\">\n<p class=\"has-heading-font-family has-x-large-font-size\" style=\"line-height:1.2\">Puedes abordar un bloqueo emocional, reto, recuerdo perturbador o patr\u00f3n puntual, o bien desarrollar un proceso m\u00e1s amplio que incluya distintas \u00e1reas de tu vida.<\/p>\n\n\n\n<div class=\"wp-block-columns is-layout-flex wp-container-core-columns-is-layout-87beb0d0 wp-block-columns-is-layout-flex\">\n<div class=\"wp-block-column is-layout-flow wp-block-column-is-layout-flow\">\n<p class=\"wp-container-content-9cfa9a5a\">Wingwave y EMDR traen claridad a nivel celular para que lo que ocurri\u00f3 en el pasado, quede en el pasado, y t\u00fa te puedas <em>plantar <\/em>de forma m\u00e1s completa y real en lo que est\u00e1s viviendo en este momento.<\/p>\n\n\n\n<p class=\"wp-container-content-9cfa9a5a\">De esta manera, se liberan lastres que el organismo a\u00fan almacena a nivel celular en forma de tensiones, bloqueos, desregulaci\u00f3n energ\u00e9tica y an\u00edmica, pensamientos rumiantes o ideas intrusivas. De esta manera, queda m\u00e1s a mano la potencialidad que eres al servicio de tu momento actual, tu aqu\u00ed y ahora, para descubrir y demostrarte que eres o puedes ser libre.<\/p>\n<\/div>\n\n\n\n<div class=\"wp-block-column is-layout-flow wp-block-column-is-layout-flow\">\n<p>Tanto wingwave como EMDR se sostienen en la capacidad innata del organismo para completar la \u00abdigesti\u00f3n emocional\u00bb que ante experiencias abrumadoras se ha podido quedar estancada en el cuerpo, independientemente de que el recuerdo se mantenga en conciencia o en inconsciencia.<\/p>\n\n\n\n<p>Esta capacidad que wingwave y EMDR activan permite, adem\u00e1s de soltar cargas del pasado, disponer m\u00e1s f\u00e1cilmente de los recursos internos que albergamos, para que est\u00e9n al servicio de las cuestiones que cada persona est\u00e9 desarrollando o quiera desarrollar en este momento de su Vida.<\/p>\n<\/div>\n<\/div>\n<\/div>\n<\/div>\n<\/div>\n\n\n\n<div class=\"wp-block-group alignfull has-contrast-background-color has-background has-global-padding is-layout-constrained wp-container-core-group-is-layout-d89aad35 wp-block-group-is-layout-constrained\" style=\"margin-top:0;margin-bottom:0;padding-top:var(--wp--preset--spacing--50);padding-right:var(--wp--preset--spacing--50);padding-bottom:var(--wp--preset--spacing--50);padding-left:var(--wp--preset--spacing--50)\">\n<div class=\"wp-block-columns alignwide are-vertically-aligned-center is-layout-flex wp-container-core-columns-is-layout-47c06fe3 wp-block-columns-is-layout-flex\">\n<div class=\"wp-block-column is-vertically-aligned-center is-layout-flow wp-block-column-is-layout-flow\" style=\"flex-basis:50%\">\n<h2 class=\"wp-block-heading has-base-2-color has-text-color has-link-color has-xx-large-font-size wp-elements-94199096de07ef0e4c65fec4ba919b51\">\u00bfConoces ya wingwave?<\/h2>\n\n\n\n<ul style=\"line-height:1.75\" class=\"wp-block-list is-style-checkmark-list\">\n<li class=\"has-base-2-color has-text-color has-link-color wp-elements-8645fefe15b92237e0ab4ec70cb7759a\">Combina elementos de EMDR, PNL y kinesiolog\u00eda<\/li>\n\n\n\n<li class=\"has-base-2-color has-text-color has-link-color wp-elements-2839c8be7106c184256d384708242ab1\">Agiliza los cambios al disolver bloqueos emocionales y som\u00e1ticos, as\u00ed como creencias limitantes<\/li>\n\n\n\n<li class=\"has-base-2-color has-text-color has-link-color wp-elements-fe466419478c41a3dd0f763990e58408\">Es el coaching con m\u00e1s investigaciones que avalan su efectividad<\/li>\n<\/ul>\n<\/div>\n\n\n\n<div class=\"wp-block-column is-vertically-aligned-center is-layout-flow wp-block-column-is-layout-flow\" style=\"flex-basis:50%\">\n<figure class=\"wp-block-embed is-type-video is-provider-youtube wp-block-embed-youtube wp-embed-aspect-16-9 wp-has-aspect-ratio\"><div class=\"wp-block-embed__wrapper\">\n<iframe loading=\"lazy\" title=\"\u00bfQu\u00e9 es wingwave? Video explicativo sobre el coaching a corto plazo.\" width=\"500\" height=\"281\" src=\"https:\/\/www.youtube.com\/embed\/Fy3GIFyOL-w?feature=oembed\" frameborder=\"0\" allow=\"accelerometer; autoplay; clipboard-write; encrypted-media; gyroscope; picture-in-picture; web-share\" referrerpolicy=\"strict-origin-when-cross-origin\" allowfullscreen><\/iframe>\n<\/div><\/figure>\n<\/div>\n<\/div>\n<\/div>\n","protected":false},"excerpt":{"rendered":"<p>Soltar cargas y bloqueos emocionales, a nivel celular Estos son algunos de los temas que puedes abordar con wingwave y EMDR en Toledo presencial o bien online desde cualquier lugar del planeta. En sesiones individuales o propuestas grupales. Wingwave (desarrollado en el a\u00f1o 2000) es el coaching con m\u00e1s investigaciones que avalan sus efectos, y [&hellip;]<\/p>\n","protected":false},"author":1,"featured_media":0,"parent":0,"menu_order":0,"comment_status":"closed","ping_status":"closed","template":"","meta":{"_monsterinsights_skip_tracking":false,"_monsterinsights_sitenote_active":false,"_monsterinsights_sitenote_note":"","_monsterinsights_sitenote_category":0,"_uf_show_specific_survey":0,"_uf_disable_surveys":false,"footnotes":""},"categories":[],"tags":[],"class_list":["post-565","page","type-page","status-publish","hentry"],"_links":{"self":[{"href":"https:\/\/arteneura.dreamify.love\/blog\/wp-json\/wp\/v2\/pages\/565","targetHints":{"allow":["GET"]}}],"collection":[{"href":"https:\/\/arteneura.dreamify.love\/blog\/wp-json\/wp\/v2\/pages"}],"about":[{"href":"https:\/\/arteneura.dreamify.love\/blog\/wp-json\/wp\/v2\/types\/page"}],"author":[{"embeddable":true,"href":"https:\/\/arteneura.dreamify.love\/blog\/wp-json\/wp\/v2\/users\/1"}],"replies":[{"embeddable":true,"href":"https:\/\/arteneura.dreamify.love\/blog\/wp-json\/wp\/v2\/comments?post=565"}],"version-history":[{"count":7,"href":"https:\/\/arteneura.dreamify.love\/blog\/wp-json\/wp\/v2\/pages\/565\/revisions"}],"predecessor-version":[{"id":622,"href":"https:\/\/arteneura.dreamify.love\/blog\/wp-json\/wp\/v2\/pages\/565\/revisions\/622"}],"wp:attachment":[{"href":"https:\/\/arteneura.dreamify.love\/blog\/wp-json\/wp\/v2\/media?parent=565"}],"wp:term":[{"taxonomy":"category","embeddable":true,"href":"https:\/\/arteneura.dreamify.love\/blog\/wp-json\/wp\/v2\/categories?post=565"},{"taxonomy":"post_tag","embeddable":true,"href":"https:\/\/arteneura.dreamify.love\/blog\/wp-json\/wp\/v2\/tags?post=565"}],"curies":[{"name":"wp","href":"https:\/\/api.w.org\/{rel}","templated":true}]}}